{"id":2450,"date":"2019-06-20T11:21:44","date_gmt":"2019-06-20T16:21:44","guid":{"rendered":"https:\/\/www.freshver.com\/?page_id=2450"},"modified":"2019-07-31T17:13:20","modified_gmt":"2019-07-31T22:13:20","slug":"qrc-limes","status":"publish","type":"page","link":"https:\/\/www.freshver.com\/es\/qrc-limes\/","title":{"rendered":"QR Persian Limes"},"content":{"rendered":"<div data-vc-full-width=\"true\" data-vc-full-width-init=\"false\" data-vc-stretch-content=\"true\" class=\"vc_row wpb_row vc_row-fluid vc_custom_1561162208657 vc_row-has-fill vc_row-no-padding\"><style> @media only screen and (max-width: 480px) { .vc_custom_1561162208657{margin-bottom: -55px !important;padding-top: 0px !important;} }<\/style><div class=\"wpb_column vc_column_container vc_col-sm-4 vc_col-lg-offset-4 vc_col-lg-4 vc_col-md-offset-4 vc_col-md-4 vc_col-sm-offset-4 vc_col-xs-offset-3 vc_col-xs-6\"><div class=\"vc_column-inner\"><div class=\"wpb_wrapper\">\n\t<div  class=\"wpb_single_image wpb_content_element vc_align_center   img-ignore\">\n\t\t\n\t\t<figure class=\"wpb_wrapper vc_figure\">\n\t\t\t<div class=\"vc_single_image-wrapper   vc_box_border_grey\"><img decoding=\"async\" width=\"204\" height=\"62\" src=\"https:\/\/www.freshver.com\/wp-content\/uploads\/2019\/05\/Freshver_Color_W.png\" class=\"vc_single_image-img attachment-full\" alt=\"\" \/><\/div>\n\t\t<\/figure>\n\t<\/div>\n\n\t<div class=\"wpb_raw_code wpb_content_element wpb_raw_html hide\" >\n\t\t<div class=\"wpb_wrapper\">\n\t\t\t<style>\n.search-results article, article.hentry{\nmargin-bottom:0px!important;}\n\nul.ul-style-dots {\n    list-style: disc !important;\n}\nul.ul-style-dots >li{\npadding-top:0px !important;\n    padding-bottom:0px!important;\n}\n@media screen and (max-width: 767px){\nh1 {\n    font-size: 44px!important;\n}\n}\n<\/style>\n\n<style>\ndiv#dots-cut-lime {\n\t\tdisplay:none;\n}\n@media screen and (max-width: 767px){\ndiv#dots-cut-lime {\n\t\tdisplay:inline-block;\nposition: absolute;\ntop:0px;\nright:2px;\nz-index:44;\n}\t\t\n}\n<\/style>\n\n<style>\n.container-text{\nbackground-color:#4ca521!important;\n}\n.container-img {\n    margin-bottom: -20px !important;\n}\n.process-container {\n    min-height: 110px !important;\n    max-height: 140px!important;\nheight: auto !important;\n}\n\n\n@media only screen and (min-width: 318px) and (max-width: 419px) {\n.first-img-cut {\n    width: 80%;\n    margin-bottom: -50px !important;\n    height: 80%;\n    margin-left: 23px;\n}\n}\n@media only screen and (min-width: 720px) and (max-width: 819px) {\n.first-img-cut img {\n    width: 40% !important;\n}\n.container-img {\n    margin-bottom: -18px !important;\n}\n}\n@media screen and (min-width:820px) {\n.first-img-cut img {\n    width: 70% !important;\n}\n}\n\n\n.img-step {\n    position: relative;\n    top: -34px !important;\n}\n<\/style>\n\n\n\n<style>\n\n@media screen and (max-width:370px) {\n.number-process{\nwidth: 18% !important;\n}\n.text-process {\n    width: 80%;\n}\n}\n@media screen and (max-width:420px) {\n.number-process{\nwidth: 16% !important;\n}\n.text-process {\n    width: 80%;\n}\n}\n@media screen and (min-width: 421px)  and (max-width: 540px) {\n.number-process{\nwidth: 9% !important;\n}\n}\n@media screen and (min-width: 541px)  and (max-width: 700px) {\n.number-process{\nwidth: 11% !important;\n}\n}\n@media screen and (min-width: 701px)  and (max-width: 829px) {\n.number-process {\nwidth: 12% !important;\n}\n}\n@media screen and (min-width:830px)  and (max-width:980px) {\n.number-process{\nwidth: 9% !important;\n}\n}\n@media screen and (min-width:900px){\n.number-process{ width: 8%;}\n.number-process.num2 {\n    margin-top: -30px;\n}\n}\n<\/style>\n\t\t<\/div>\n\t<\/div>\n<\/div><\/div><\/div><\/div><div class=\"vc_row-full-width vc_clearfix\"><\/div><div data-vc-full-width=\"true\" data-vc-full-width-init=\"false\" data-vc-stretch-content=\"true\" class=\"vc_row wpb_row vc_row-fluid container-l1 vc_custom_1561172084316 vc_row-has-fill vc_row-no-padding vc_row-o-equal-height vc_row-o-content-top vc_row-flex\"><div class=\"wpb_column vc_column_container vc_col-sm-12\"><div class=\"vc_column-inner\"><div class=\"wpb_wrapper\">\n\t<div class=\"wpb_raw_code wpb_content_element wpb_raw_html\" >\n\t\t<div class=\"wpb_wrapper\">\n\t\t\t<svg id=\"line-bottom\" class=\"curve-green\" xmlns=\"http:\/\/www.w3.org\/2000\/svg\" viewbox=\"0 0  1280 150\"><path d=\"M1280,0V150H0Z\" transform=\"translate(0 0)\"\/><\/svg>\n\n\n<style>\n\n@media only screen and (min-width: 320px) and (max-width: 419px) {}\n@media only screen and (min-width: 420px) and (max-width: 519px) {}\n@media only screen and (min-width: 520px) and (max-width: 619px) {}\n@media only screen and (min-width: 620px) and (max-width: 719px) {\n.container-l1{\npadding-top: 20px !important;\n}\n}\n@media only screen and (min-width: 720px) and (max-width: 819px) {\n.container-l1{\npadding-top: 20px !important;\n}\n}\n\n@media screen and (min-width:820px) {\n.container-l1{\npadding-top: 40px !important;\n}\n}\n\n\n<\/style>\n\t\t<\/div>\n\t<\/div>\n<\/div><\/div><\/div><\/div><div class=\"vc_row-full-width vc_clearfix\"><\/div><div data-vc-full-width=\"true\" data-vc-full-width-init=\"false\" data-vc-stretch-content=\"true\" class=\"vc_row wpb_row vc_row-fluid vc_custom_1561065157821 vc_row-has-fill vc_row-no-padding\"><div class=\"wpb_column vc_column_container vc_col-sm-12\"><div class=\"vc_column-inner\"><div class=\"wpb_wrapper\"><div class=\"vc_row wpb_row vc_inner vc_row-fluid vc_row-o-equal-height vc_row-o-content-middle vc_row-flex\"><div class=\"wpb_column vc_column_container vc_col-sm-5 vc_col-lg-offset-1 vc_col-lg-5 vc_col-md-offset-1 vc_col-md-5 vc_col-sm-offset-1 vc_col-xs-3 vc_hidden-xs\"><div class=\"vc_column-inner vc_custom_1561122470473\"><div class=\"wpb_wrapper\">\n\t<div  class=\"wpb_single_image wpb_content_element vc_align_left   img-ignore\">\n\t\t\n\t\t<figure class=\"wpb_wrapper vc_figure\">\n\t\t\t<div class=\"vc_single_image-wrapper   vc_box_border_grey\"><img decoding=\"async\" width=\"272\" height=\"616\" src=\"https:\/\/www.freshver.com\/wp-content\/uploads\/2019\/07\/new_qr_lime.png\" class=\"vc_single_image-img attachment-full\" alt=\"\" srcset=\"https:\/\/www.freshver.com\/wp-content\/uploads\/2019\/07\/new_qr_lime.png 272w, https:\/\/www.freshver.com\/wp-content\/uploads\/2019\/07\/new_qr_lime-132x300.png 132w\" sizes=\"(max-width: 272px) 100vw, 272px\" \/><\/div>\n\t\t<\/figure>\n\t<\/div>\n<\/div><\/div><\/div><div class=\"wpb_column vc_column_container vc_col-sm-3 vc_hidden-lg vc_hidden-md vc_hidden-sm vc_col-xs-4\"><div class=\"vc_column-inner vc_custom_1561164631640\"><div class=\"wpb_wrapper\">\n\t<div  class=\"wpb_single_image wpb_content_element vc_align_left   img-ignore\">\n\t\t\n\t\t<figure class=\"wpb_wrapper vc_figure\">\n\t\t\t<div class=\"vc_single_image-wrapper   vc_box_border_grey\"><img decoding=\"async\" width=\"201\" height=\"627\" src=\"https:\/\/www.freshver.com\/wp-content\/uploads\/2019\/07\/new_qr_lime_cortada.png\" class=\"vc_single_image-img attachment-full\" alt=\"\" srcset=\"https:\/\/www.freshver.com\/wp-content\/uploads\/2019\/07\/new_qr_lime_cortada.png 201w, https:\/\/www.freshver.com\/wp-content\/uploads\/2019\/07\/new_qr_lime_cortada-96x300.png 96w\" sizes=\"(max-width: 201px) 100vw, 201px\" \/><\/div>\n\t\t<\/figure>\n\t<\/div>\n<\/div><\/div><\/div><div class=\"wpb_column vc_column_container vc_col-sm-4 vc_col-lg-offset-0 vc_col-lg-4 vc_col-md-offset-0 vc_col-md-4 vc_col-sm-offset-0 vc_col-xs-8\"><div class=\"vc_column-inner\"><div class=\"wpb_wrapper\">\n\t<div class=\"wpb_text_column wpb_content_element  vc_custom_1561164821655\" >\n\t\t<div class=\"wpb_wrapper\">\n\t\t\t<h1 class=\"blanco qr-title\">Lim\u00f3n<br \/>\nPersa<\/h1>\n<p style=\"text-align: justify;\"><strong><span class=\"blanco bold qr-text\">Siempre escoge verde. Los limones verdes ya est\u00e1n maduros y tienen m\u00e1s sabor que los que son color amarillento.<\/span><\/strong><\/p>\n<p style=\"text-align: justify;\"><strong><span class=\"blanco bold qr-text\">Siente la c\u00e1scara. Escoge los que se sienten pesados, ya que estos tienen m\u00e1s jugo que los que se sienten ligeros respecto a su tama\u00f1o.<\/span><\/strong><\/p>\n\n\t\t<\/div>\n\t<\/div>\n<\/div><\/div><\/div><\/div><\/div><\/div><\/div><\/div><div class=\"vc_row-full-width vc_clearfix\"><\/div><div data-vc-full-width=\"true\" data-vc-full-width-init=\"false\" data-vc-stretch-content=\"true\" class=\"vc_row wpb_row vc_row-fluid container-l2 vc_custom_1561172295194 vc_row-no-padding\"><div class=\"wpb_column vc_column_container vc_col-sm-12\"><div class=\"vc_column-inner vc_custom_1561168341906\"><div class=\"wpb_wrapper\">\n\t<div class=\"wpb_raw_code wpb_content_element wpb_raw_html\" >\n\t\t<div class=\"wpb_wrapper\">\n\t\t\t\n\n<svg id=\"line-top\" class=\"curve-green\" xmlns=\"http:\/\/www.w3.org\/2000\/svg\" viewbox=\"0 0  1280 260.08\"><path d=\"M0,0H1280V260.08Z\"\/><\/svg>\n\t\t<\/div>\n\t<\/div>\n<\/div><\/div><\/div><\/div><div class=\"vc_row-full-width vc_clearfix\"><\/div><div data-vc-full-width=\"true\" data-vc-full-width-init=\"false\" data-vc-stretch-content=\"true\" class=\"vc_row wpb_row vc_row-fluid vc_custom_1561063690929 vc_row-no-padding\"><style> @media only screen and (max-width: 480px) { .vc_custom_1561063690929{margin-top: -210px !important;margin-bottom: -140px !important;} }<\/style><div class=\"wpb_column vc_column_container vc_col-sm-12\"><div class=\"vc_column-inner\"><div class=\"wpb_wrapper\"><div class=\"vc_row wpb_row vc_inner vc_row-fluid vc_row-o-equal-height vc_row-o-content-top vc_row-flex\"><style> @media only screen and (max-width: 480px) { .vc_custom_1561169440110{margin-top: 100px !important;} }<\/style><div class=\"wpb_column vc_column_container vc_col-sm-6 vc_col-lg-offset-1 vc_col-lg-6 vc_col-md-offset-1 vc_col-md-6 vc_col-sm-offset-1 vc_col-xs-offset-1 vc_col-xs-10\"><div class=\"vc_column-inner vc_custom_1561169440110\"><div class=\"wpb_wrapper\">\n\t<div class=\"wpb_text_column wpb_content_element\" >\n\t\t<div class=\"wpb_wrapper\">\n\t\t\t<h1 class=\"verde qr-subtitle\" style=\"text-align: center;\">C\u00f3mo cortarla<\/h1>\n\n\t\t<\/div>\n\t<\/div>\n\n\t<div class=\"wpb_text_column wpb_content_element\" >\n\t\t<div class=\"wpb_wrapper\">\n\t\t\t<div class=\"qr-process\">\n<p>&nbsp;<\/p>\n<div class=\"container-img first-img-cut\"><img decoding=\"async\" class=\"size-full wp-image-1271 aligncenter\" src=\"https:\/\/www.freshver.com\/wp-content\/uploads\/2019\/06\/cutlime1.png\" alt=\"\" width=\"278\" height=\"233\" \/>.<\/div>\n<div class=\"container-text\">\n<div class=\"number-process\"><span class=\"txt-number\">1<\/span><\/div>\n<div class=\"text-process\">\n<p class=\"text-description blanco\">Primero, es muy importante lavar los limones, incluso si la c\u00e1scara no es comestible, para prevenir contaminar adentro.<\/p>\n<\/div>\n<\/div>\n<\/div>\n\n\t\t<\/div>\n\t<\/div>\n\n\t<div class=\"wpb_text_column wpb_content_element\" >\n\t\t<div class=\"wpb_wrapper\">\n\t\t\t<div class=\"qr-process\">\n<p>&nbsp;<\/p>\n<div class=\"container-img\"><img decoding=\"async\" class=\"wp-image-2275 size-medium aligncenter\" src=\"https:\/\/www.freshver.com\/wp-content\/uploads\/2019\/06\/iPhone-X-XS-\u2013-1-300x160.png\" alt=\"\" width=\"300\" height=\"160\" srcset=\"https:\/\/www.freshver.com\/wp-content\/uploads\/2019\/06\/iPhone-X-XS-\u2013-1-300x160.png 300w, https:\/\/www.freshver.com\/wp-content\/uploads\/2019\/06\/iPhone-X-XS-\u2013-1.png 377w\" sizes=\"(max-width: 300px) 100vw, 300px\" \/><\/div>\n<div class=\"container-text\">\n<div class=\"number-process num2\"><span class=\"txt-number\">2<\/span><\/div>\n<div class=\"text-process\">\n<p class=\"text-description blanco\">Para obtener todo el jugo posible, primero c\u00f3rtalo en tres partes.<\/p>\n<\/div>\n<\/div>\n<\/div>\n\n\t\t<\/div>\n\t<\/div>\n\n\t<div class=\"wpb_text_column wpb_content_element\" >\n\t\t<div class=\"wpb_wrapper\">\n\t\t\t<div class=\"qr-process\">\n<div class=\"container-img\"><img decoding=\"async\" class=\"wp-image-1269 size-medium aligncenter\" src=\"https:\/\/www.freshver.com\/wp-content\/uploads\/2019\/06\/cutlime3-300x160.png\" alt=\"\" width=\"300\" height=\"160\" srcset=\"https:\/\/www.freshver.com\/wp-content\/uploads\/2019\/06\/cutlime3-300x160.png 300w, https:\/\/www.freshver.com\/wp-content\/uploads\/2019\/06\/cutlime3.png 377w\" sizes=\"(max-width: 300px) 100vw, 300px\" \/><\/div>\n<div class=\"container-text\">\n<div class=\"number-process\"><span class=\"txt-number\">3<\/span><\/div>\n<div class=\"text-process\">\n<p class=\"text-description blanco\">Luego, corta la mitad en secciones, de esta forma obtendr\u00e1s el 100% de su jugo.<\/p>\n<\/div>\n<\/div>\n<\/div>\n\n\t\t<\/div>\n\t<\/div>\n<\/div><\/div><\/div><div class=\"wpb_column vc_column_container vc_col-sm-4 vc_hidden-lg vc_hidden-md vc_hidden-sm vc_col-xs-12\"><div class=\"vc_column-inner\"><div class=\"wpb_wrapper\">\n\t<div  class=\"wpb_single_image wpb_content_element vc_align_center   img-ignore\">\n\t\t\n\t\t<figure class=\"wpb_wrapper vc_figure\">\n\t\t\t<div class=\"vc_single_image-wrapper   vc_box_border_grey\"><img decoding=\"async\" width=\"767\" height=\"1518\" src=\"https:\/\/www.freshver.com\/wp-content\/uploads\/2019\/07\/new_tabla_qr_lime.png\" class=\"vc_single_image-img attachment-full\" alt=\"\" srcset=\"https:\/\/www.freshver.com\/wp-content\/uploads\/2019\/07\/new_tabla_qr_lime.png 767w, https:\/\/www.freshver.com\/wp-content\/uploads\/2019\/07\/new_tabla_qr_lime-152x300.png 152w, https:\/\/www.freshver.com\/wp-content\/uploads\/2019\/07\/new_tabla_qr_lime-517x1024.png 517w\" sizes=\"(max-width: 767px) 100vw, 767px\" \/><\/div>\n\t\t<\/figure>\n\t<\/div>\n<\/div><\/div><\/div><\/div>\n\t<div id=\"qr-lime-cut\" class=\"wpb_single_image wpb_content_element vc_align_right   img-ignore\">\n\t\t\n\t\t<figure class=\"wpb_wrapper vc_figure\">\n\t\t\t<div class=\"vc_single_image-wrapper   vc_box_border_grey\"><img decoding=\"async\" width=\"441\" height=\"533\" src=\"https:\/\/www.freshver.com\/wp-content\/uploads\/2019\/06\/Web-1920-\u2013-22.png\" class=\"vc_single_image-img attachment-full\" alt=\"\" srcset=\"https:\/\/www.freshver.com\/wp-content\/uploads\/2019\/06\/Web-1920-\u2013-22.png 441w, https:\/\/www.freshver.com\/wp-content\/uploads\/2019\/06\/Web-1920-\u2013-22-248x300.png 248w\" sizes=\"(max-width: 441px) 100vw, 441px\" \/><\/div>\n\t\t<\/figure>\n\t<\/div>\n<\/div><\/div><\/div><\/div><div class=\"vc_row-full-width vc_clearfix\"><\/div><div data-vc-full-width=\"true\" data-vc-full-width-init=\"false\" data-vc-stretch-content=\"true\" class=\"vc_row wpb_row vc_row-fluid vc_custom_1561125209981 vc_row-has-fill vc_row-no-padding\"><style> @media only screen and (max-width: 480px) { .vc_custom_1561125209981{margin-top: 0px !important;} }<\/style><div class=\"wpb_column vc_column_container vc_col-sm-12\"><div class=\"vc_column-inner\"><div class=\"wpb_wrapper\">\n\t<div class=\"wpb_raw_code wpb_content_element wpb_raw_html\" >\n\t\t<div class=\"wpb_wrapper\">\n\t\t\t<svg id=\"line-top\" class=\"curve-white\" xmlns=\"http:\/\/www.w3.org\/2000\/svg\" viewbox=\"0 0  1280 260.08\"><path d=\"M0,0H1280V260.08Z\"\/><\/svg>\n\t\t<\/div>\n\t<\/div>\n<div class=\"vc_row wpb_row vc_inner vc_row-fluid\"><style> @media only screen and (max-width: 992px) { .vc_custom_1562113441266{margin-left: 15px !important;} } @media only screen and (max-width: 768px) { .vc_custom_1562113441266{margin-left: 36px !important;} } @media only screen and (max-width: 480px) { .vc_custom_1562113441266{margin-left: 0px !important;} }<\/style><div class=\"wpb_column vc_column_container vc_col-sm-10 vc_col-lg-offset-1 vc_col-lg-10 vc_col-md-offset-1 vc_col-md-10 vc_col-sm-offset-1 vc_col-xs-offset-1 vc_col-xs-10\"><div class=\"vc_column-inner vc_custom_1562113441266\"><div class=\"wpb_wrapper\">\n\t<div class=\"wpb_text_column wpb_content_element  vc_custom_1562100220179\" >\n\t\t<div class=\"wpb_wrapper\">\n\t\t\t<h1 class=\"blanco center-mobile\" style=\"font-size: 48px;\">Beneficios <br>\npara la salud<\/h1>\n\n\t\t<\/div>\n\t<\/div>\n<\/div><\/div><\/div><\/div><div class=\"vc_row wpb_row vc_inner vc_row-fluid row-order-mobile vc_custom_1561071137074 vc_row-o-equal-height vc_row-o-content-top vc_row-flex\"><style> @media only screen and (max-width: 480px) { .{margin-top: -200px !important;} }<\/style><div class=\"wpb_column vc_column_container vc_col-sm-8 vc_col-lg-8 vc_col-md-8 vc_col-xs-11\"><div class=\"vc_column-inner\"><div class=\"wpb_wrapper\">\n\t<div  class=\"wpb_single_image wpb_content_element vc_align_left   img-ignore qr-lime-img3\">\n\t\t\n\t\t<figure class=\"wpb_wrapper vc_figure\">\n\t\t\t<div class=\"vc_single_image-wrapper   vc_box_border_grey\"><img decoding=\"async\" width=\"547\" height=\"743\" src=\"https:\/\/www.freshver.com\/wp-content\/uploads\/2019\/06\/Mesa-de-trabajo-\u2013-1-1.png\" class=\"vc_single_image-img attachment-full\" alt=\"\" srcset=\"https:\/\/www.freshver.com\/wp-content\/uploads\/2019\/06\/Mesa-de-trabajo-\u2013-1-1.png 547w, https:\/\/www.freshver.com\/wp-content\/uploads\/2019\/06\/Mesa-de-trabajo-\u2013-1-1-221x300.png 221w\" sizes=\"(max-width: 547px) 100vw, 547px\" \/><\/div>\n\t\t<\/figure>\n\t<\/div>\n<\/div><\/div><\/div><style> @media only screen and (max-width: 992px) { .vc_custom_1561231405596{margin-left: -100px !important;} } @media only screen and (max-width: 768px) { .vc_custom_1561231405596{margin-left: 0px !important;} } @media only screen and (max-width: 480px) { .vc_custom_1561231405596{margin-bottom: -20px !important;margin-left: 0px !important;} }<\/style><div class=\"wpb_column vc_column_container vc_col-sm-4 vc_col-lg-offset-0 vc_col-lg-4 vc_col-md-offset-0 vc_col-md-4 vc_col-sm-offset-0 vc_col-xs-offset-1 vc_col-xs-10\"><div class=\"vc_column-inner vc_custom_1561231405596\"><div class=\"wpb_wrapper\">\n\t<div class=\"wpb_text_column wpb_content_element  vc_custom_1561216608435\" >\n\t\t<div class=\"wpb_wrapper\">\n\t\t\t<ul class=\"ul-style-dots\">\n<li class=\"margin-0-mobile\" style=\"color: #4ca521; font-size: 22px;\">\n<h2 class=\"verde txt-benefits\">Mejora la salud cardiovascular<\/h2>\n<\/li>\n<li class=\"margin-0-mobile\" style=\"color: #fff; font-size: 22px; margin-left: 20px;\">\n<h2 class=\"blanco txt-benefits\">Ayuda al problema de las piedras del ri\u00f1\u00f3n<\/h2>\n<\/li>\n<li class=\"margin-0-mobile\" style=\"color: #4ca521; font-size: 22px; margin-left: 40px;\">\n<h2 class=\"verde txt-benefits\">Incrementa la absorci\u00f3n de hierro<\/h2>\n<\/li>\n<li class=\"margin-0-mobile\" style=\"color: #fff; font-size: 22px; margin-left: 60px;\">\n<h2 class=\"blanco txt-benefits\">Estimula el sistema inmune<\/h2>\n<\/li>\n<li class=\"margin-0-mobile\" style=\"color: #4ca521; font-size: 22px; margin-left: 80px;\">\n<h2 class=\"verde txt-benefits\">Rica en vitaminas y minerales<\/h2>\n<\/li>\n<\/ul>\n<p>&nbsp;<\/p>\n<h2 class=\"blanco\" style=\"text-align: center; font-size: 25px;\">Para saber c\u00f3mo disfrutarlo<\/h2>\n\n\t\t<\/div>\n\t<\/div>\n<div class=\"vc_btn3-container  btn-font btn-xl btn-benefits vc_btn3-center\" >\n\t<a style=\"background-color:#4ca521; color:#ffffff;\" class=\"vc_general vc_btn3 vc_btn3-size-md vc_btn3-shape-round vc_btn3-style-custom\" href=\"https:\/\/www.freshver.com\/es\/blog\/\" title=\"\">Click Here<\/a>\t<\/div>\n\n\t<div class=\"wpb_text_column wpb_content_element\" >\n\t\t<div class=\"wpb_wrapper\">\n\t\t\t<p style=\"text-align: center;\"><a href=\"https:\/\/www.facebook.com\/freshver\/\" target=\"_blank\" rel=\"noopener\"><img decoding=\"async\" class=\"alignnone wp-image-564\" style=\"width: 30px !important; height: auto !important;\" src=\"https:\/\/www.freshver.com\/wp-content\/uploads\/2019\/05\/fb_icon.png\" alt=\"\" width=\"30\" height=\"30\" \/><\/a>\u00a0\u00a0<a href=\"https:\/\/www.instagram.com\/freshver\" target=\"_blank\" rel=\"noopener\"><img decoding=\"async\" class=\"alignnone wp-image-565\" style=\"width: 30px !important; height: auto !important;\" src=\"https:\/\/www.freshver.com\/wp-content\/uploads\/2019\/05\/insta_icon.png\" alt=\"\" width=\"30\" height=\"29\" \/><\/a>\u00a0 \u00a0\u00a0<span class=\"blanco\">Freshver<\/span><\/p>\n<p style=\"text-align: center;\"><a class=\"hover_si\" href=\"..\/\"><span class=\"blanco qr-footer\">Freshver.com<\/span><\/a><\/p>\n\n\t\t<\/div>\n\t<\/div>\n<\/div><\/div><\/div><\/div><\/div><\/div><\/div><\/div><div class=\"vc_row-full-width vc_clearfix\"><\/div>","protected":false},"excerpt":{"rendered":"Persian Limes Always go green, green limes are generally ripe and have more lime flavor than yellowish-green ones. Feel the skin\u2026 Chose fruits that feel heavy, since these have more juice than those that feel light for their size. How to cut it &nbsp; . 1 First is very important to wash the limes, even [...]","protected":false},"author":1,"featured_media":0,"parent":0,"menu_order":0,"comment_status":"closed","ping_status":"closed","template":"page-blank.php","meta":{"footnotes":""},"class_list":["post-2450","page","type-page","status-publish","hentry"],"_links":{"self":[{"href":"https:\/\/www.freshver.com\/es\/wp-json\/wp\/v2\/pages\/2450","targetHints":{"allow":["GET"]}}],"collection":[{"href":"https:\/\/www.freshver.com\/es\/wp-json\/wp\/v2\/pages"}],"about":[{"href":"https:\/\/www.freshver.com\/es\/wp-json\/wp\/v2\/types\/page"}],"author":[{"embeddable":true,"href":"https:\/\/www.freshver.com\/es\/wp-json\/wp\/v2\/users\/1"}],"replies":[{"embeddable":true,"href":"https:\/\/www.freshver.com\/es\/wp-json\/wp\/v2\/comments?post=2450"}],"version-history":[{"count":0,"href":"https:\/\/www.freshver.com\/es\/wp-json\/wp\/v2\/pages\/2450\/revisions"}],"wp:attachment":[{"href":"https:\/\/www.freshver.com\/es\/wp-json\/wp\/v2\/media?parent=2450"}],"curies":[{"name":"wp","href":"https:\/\/api.w.org\/{rel}","templated":true}]}}